{"id":60,"date":"2025-07-22T04:13:24","date_gmt":"2025-07-22T04:13:24","guid":{"rendered":"https:\/\/cryptoenewshub.com\/about\/"},"modified":"2025-08-02T17:25:42","modified_gmt":"2025-08-02T09:25:42","slug":"about","status":"publish","type":"page","link":"https:\/\/cryptoenewshub.com\/vi\/about\/","title":{"rendered":"About"},"content":{"rendered":"<h1>V\u1ec1 Ch\u00fang T\u00f4i<\/h1>\n<p>\t\t\t\t\t\t\t\t\t\t\t\t\t\t\t<img decoding=\"async\" width=\"1024\" height=\"345\" data-src=\"https:\/\/cryptoenewshub.com\/wp-content\/uploads\/2025\/08\/online-business-with-bitcoin-online-marketing-con-2025-03-25-14-38-46-utc-scaled-e1754120929898-1024x345.jpg\" alt=\"\" data-srcset=\"https:\/\/cryptoenewshub.com\/wp-content\/uploads\/2025\/08\/online-business-with-bitcoin-online-marketing-con-2025-03-25-14-38-46-utc-scaled-e1754120929898-1024x345.jpg 1024w, https:\/\/cryptoenewshub.com\/wp-content\/uploads\/2025\/08\/online-business-with-bitcoin-online-marketing-con-2025-03-25-14-38-46-utc-scaled-e1754120929898-300x101.jpg 300w, https:\/\/cryptoenewshub.com\/wp-content\/uploads\/2025\/08\/online-business-with-bitcoin-online-marketing-con-2025-03-25-14-38-46-utc-scaled-e1754120929898-768x259.jpg 768w, https:\/\/cryptoenewshub.com\/wp-content\/uploads\/2025\/08\/online-business-with-bitcoin-online-marketing-con-2025-03-25-14-38-46-utc-scaled-e1754120929898-1536x517.jpg 1536w, https:\/\/cryptoenewshub.com\/wp-content\/uploads\/2025\/08\/online-business-with-bitcoin-online-marketing-con-2025-03-25-14-38-46-utc-scaled-e1754120929898-2048x690.jpg 2048w\" data-sizes=\"auto, (max-width: 1024px) 100vw, 1024px\" src=\"data:image\/svg+xml;base64,PHN2ZyB3aWR0aD0iMSIgaGVpZ2h0PSIxIiB4bWxucz0iaHR0cDovL3d3dy53My5vcmcvMjAwMC9zdmciPjwvc3ZnPg==\" class=\"lazyload\" style=\"--smush-placeholder-width: 1024px; --smush-placeholder-aspect-ratio: 1024\/345;\" \/><br \/>\n\t\t\t\t\t\t\t\t\t\t\t\t\t\t\t<img decoding=\"async\" width=\"1024\" height=\"579\" data-src=\"https:\/\/cryptoenewshub.com\/wp-content\/uploads\/2025\/08\/Crypto-eNews-Hub-1-1024x579.jpg\" alt=\"\" data-srcset=\"https:\/\/cryptoenewshub.com\/wp-content\/uploads\/2025\/08\/Crypto-eNews-Hub-1-1024x579.jpg 1024w, https:\/\/cryptoenewshub.com\/wp-content\/uploads\/2025\/08\/Crypto-eNews-Hub-1-300x170.jpg 300w, https:\/\/cryptoenewshub.com\/wp-content\/uploads\/2025\/08\/Crypto-eNews-Hub-1-768x434.jpg 768w, https:\/\/cryptoenewshub.com\/wp-content\/uploads\/2025\/08\/Crypto-eNews-Hub-1.jpg 1472w\" data-sizes=\"auto, (max-width: 1024px) 100vw, 1024px\" src=\"data:image\/svg+xml;base64,PHN2ZyB3aWR0aD0iMSIgaGVpZ2h0PSIxIiB4bWxucz0iaHR0cDovL3d3dy53My5vcmcvMjAwMC9zdmciPjwvc3ZnPg==\" class=\"lazyload\" style=\"--smush-placeholder-width: 1024px; --smush-placeholder-aspect-ratio: 1024\/579;\" \/>\t\t\t\t\t\t\t\t\t\t\t\t\t\t\t<\/p>\n<p><b>CryptoENewsHub.com \u2013 \u0110\u1ed1i t\u00e1c chi\u1ebfn l\u01b0\u1ee3c \u0111\u00e1ng tin c\u1eady trong th\u1ebf gi\u1edbi ti\u1ec1n \u0111i\u1ec7n t\u1eed kh\u00f4ng ng\u1eebng ph\u00e1t tri\u1ec3n<br \/><\/b>CryptoENewsHub.com l\u00e0 ngu\u1ed3n tin c\u1eadp nh\u1eadt v\u00e0 ph\u00e2n t\u00edch th\u1ecb tr\u01b0\u1eddng ti\u1ec1n \u0111i\u1ec7n t\u1eed h\u00e0ng \u0111\u1ea7u, d\u00e0nh ri\u00eang cho c\u00e1c nh\u00e0 giao d\u1ecbch, nh\u00e0 \u0111\u1ea7u t\u01b0, c\u00e1c c\u00f4ng ty FinTech v\u00e0 chuy\u00ean gia t\u00e0i ch\u00ednh tr\u00ean to\u00e0n c\u1ea7u. Ch\u00fang t\u00f4i cung c\u1ea5p nh\u1eefng th\u00f4ng tin quan tr\u1ecdng v\u00e0 chuy\u00ean s\u00e2u gi\u00fap b\u1ea1n n\u1eafm b\u1eaft k\u1ecbp th\u1eddi c\u00e1c xu h\u01b0\u1edbng, bi\u1ebfn \u0111\u1ed9ng v\u00e0 c\u01a1 h\u1ed9i trong th\u1ecb tr\u01b0\u1eddng crypto \u0111\u1ea7y bi\u1ebfn \u0111\u1ed9ng.<br \/>Ch\u00fang t\u00f4i kh\u00f4ng ch\u1ec9 \u0111\u01a1n thu\u1ea7n l\u00e0 m\u1ed9t trang tin t\u1ee9c, m\u00e0 c\u00f2n l\u00e0 n\u1ec1n t\u1ea3ng k\u1ebft n\u1ed1i v\u00e0 ki\u1ebfn t\u1ea1o c\u1ed9ng \u0111\u1ed3ng c\u00e1c nh\u00e0 giao d\u1ecbch ti\u1ec1n \u0111i\u1ec7n t\u1eed chuy\u00ean nghi\u1ec7p, n\u01a1i trao \u0111\u1ed5i ki\u1ebfn th\u1ee9c, ph\u00e2n t\u00edch chi\u1ebfn l\u01b0\u1ee3c v\u00e0 c\u1eadp nh\u1eadt c\u00e1c d\u1ef1 \u00e1n m\u1edbi.<\/p>\n<p><b>C\u1eadp nh\u1eadt th\u1ecb tr\u01b0\u1eddng crypto th\u1eddi gian th\u1ef1c<br \/><\/b>H\u00e3y lu\u00f4n \u0111i tr\u01b0\u1edbc th\u1ecb tr\u01b0\u1eddng v\u1edbi c\u00e1c b\u1ea3n tin nhanh ch\u00f3ng, ph\u00e2n t\u00edch chi ti\u1ebft v\u00e0 d\u1ef1 b\u00e1o xu h\u01b0\u1edbng chu\u1ea9n x\u00e1c. D\u00f9 b\u1ea1n l\u00e0 nh\u00e0 giao d\u1ecbch trong ng\u00e0y hay nh\u00e0 \u0111\u1ea7u t\u01b0 d\u00e0i h\u1ea1n, CryptoENewsHub.com cung c\u1ea5p d\u1eef li\u1ec7u v\u00e0 g\u00f3c nh\u00ecn c\u1ea7n thi\u1ebft \u0111\u1ec3 \u0111\u01b0a ra quy\u1ebft \u0111\u1ecbnh s\u00e1ng su\u1ed1t.<\/p>\n<p><b>Ph\u00e2n t\u00edch \u2013 Chi\u1ebfn l\u01b0\u1ee3c \u2013 Giao d\u1ecbch hi\u1ec7u qu\u1ea3<br \/><\/b>S\u1ee9 m\u1ec7nh c\u1ee7a ch\u00fang t\u00f4i l\u00e0 x\u00e2y d\u1ef1ng m\u00f4i tr\u01b0\u1eddng tri th\u1ee9c phong ph\u00fa, gi\u00fap c\u00e1c trader n\u00e2ng cao k\u1ef9 n\u0103ng ph\u00e2n t\u00edch, ph\u00e1t tri\u1ec3n chi\u1ebfn l\u01b0\u1ee3c v\u00e0 t\u1ed1i \u01b0u h\u00f3a l\u1ee3i nhu\u1eadn. T\u1eeb ph\u00e2n t\u00edch k\u1ef9 thu\u1eadt \u0111\u1ebfn nh\u1eadn \u0111\u1ecbnh kinh t\u1ebf v\u0129 m\u00f4, CryptoENewsHub.com h\u1ed7 tr\u1ee3 b\u1ea1n l\u00e0m ch\u1ee7 th\u1ecb tr\u01b0\u1eddng m\u1ed9t c\u00e1ch b\u00e0i b\u1ea3n v\u00e0 chuy\u00ean nghi\u1ec7p.<\/p>\n<p><b>\u0110i\u1ec3m \u0111\u1ebfn tin c\u1eady cho c\u00e1c d\u1ef1 \u00e1n ti\u1ec1n \u0111i\u1ec7n t\u1eed m\u1edbi<br \/><\/b>Ch\u00fang t\u00f4i t\u1eadp trung gi\u1edbi thi\u1ec7u c\u00e1c d\u1ef1 \u00e1n v\u00e0 token m\u1edbi tr\u00ean th\u1ecb tr\u01b0\u1eddng, gi\u00fap b\u1ea1n ti\u1ebfp c\u1eadn s\u1edbm c\u00e1c c\u01a1 h\u1ed9i \u0111\u1ea7u t\u01b0 ti\u1ec1m n\u0103ng. Nh\u1eadn di\u1ec7n xu h\u01b0\u1edbng m\u1edbi v\u00e0 chu\u1ea9n b\u1ecb chi\u1ebfn l\u01b0\u1ee3c \u0111\u1ea7u t\u01b0 ngay t\u1eeb nh\u1eefng b\u01b0\u1edbc \u0111\u1ea7u ti\u00ean.<br \/>N\u1ec1n t\u1ea3ng ph\u00e1t h\u00e0nh th\u00f4ng c\u00e1o b\u00e1o ch\u00ed cho l\u0129nh v\u1ef1c crypto, fintech v\u00e0 t\u00e0i ch\u00ednh<br \/>CryptoENewsHub.com l\u00e0 k\u00eanh truy\u1ec1n th\u00f4ng uy t\u00edn d\u00e0nh cho c\u00e1c c\u00f4ng ty v\u00e0 c\u00e1 nh\u00e2n trong ng\u00e0nh crypto, fintech v\u00e0 t\u00e0i ch\u00ednh \u0111\u0103ng t\u1ea3i th\u00f4ng c\u00e1o b\u00e1o ch\u00ed, b\u00e0i vi\u1ebft chuy\u00ean s\u00e2u nh\u1eb1m ti\u1ebfp c\u1eadn \u0111\u1ed1i t\u01b0\u1ee3ng \u0111\u1ed9c gi\u1ea3 m\u1ee5c ti\u00eau to\u00e0n c\u1ea7u.<br \/>H\u00e3y g\u1eedi th\u00f4ng c\u00e1o ho\u1eb7c b\u00e0i vi\u1ebft c\u1ee7a b\u1ea1n \u0111\u1ec3 t\u0103ng c\u01b0\u1eddng s\u1ef1 hi\u1ec7n di\u1ec7n th\u01b0\u01a1ng hi\u1ec7u, thu h\u00fat nh\u00e0 \u0111\u1ea7u t\u01b0 v\u00e0 c\u1ed9ng \u0111\u1ed3ng trader.<\/p>\n<p><b>X\u00e2y d\u1ef1ng c\u1ed9ng \u0111\u1ed3ng trader crypto to\u00e0n c\u1ea7u<br \/><\/b>Ch\u00fang t\u00f4i h\u01b0\u1edbng t\u1edbi ph\u00e1t tri\u1ec3n m\u1ed9t c\u1ed9ng \u0111\u1ed3ng trader s\u00f4i n\u1ed5i, n\u01a1i c\u00e1c th\u00e0nh vi\u00ean c\u00f3 th\u1ec3 h\u1ecdc h\u1ecfi, chia s\u1ebb chi\u1ebfn l\u01b0\u1ee3c v\u00e0 kinh nghi\u1ec7m th\u1ef1c t\u1ebf. CryptoENewsHub.com l\u00e0 kh\u00f4ng gian th\u00fac \u0111\u1ea9y s\u1ef1 ph\u00e1t tri\u1ec3n b\u1ec1n v\u1eefng v\u00e0 chuy\u00ean nghi\u1ec7p c\u1ee7a th\u1ecb tr\u01b0\u1eddng crypto.<\/p>\n<p><b>H\u00e3y \u0111\u1ec3 ti\u1ebfng n\u00f3i c\u1ee7a b\u1ea1n vang xa<br \/><\/b>B\u1ea1n l\u00e0 nh\u00e0 s\u00e1ng l\u1eadp d\u1ef1 \u00e1n crypto, chuy\u00ean gia t\u00e0i ch\u00ednh hay ng\u01b0\u1eddi ti\u00ean phong trong l\u0129nh v\u1ef1c FinTech?<br \/>H\u00e3y \u0111\u0103ng t\u1ea3i th\u00f4ng c\u00e1o b\u00e1o ch\u00ed ho\u1eb7c b\u00e0i vi\u1ebft tr\u00ean CryptoENewsHub.com \u0111\u1ec3 ti\u1ebfp c\u1eadn nh\u00e0 \u0111\u1ea7u t\u01b0, trader v\u00e0 c\u00e1c nh\u00e0 quy\u1ebft \u0111\u1ecbnh tr\u00ean to\u00e0n c\u1ea7u.<\/p>\n<p>CryptoENewsHub.com \u2013 Ch\u00fang t\u00f4i kh\u00f4ng ch\u1ec9 \u0111\u01b0a tin v\u1ec1 t\u01b0\u01a1ng lai c\u1ee7a ti\u1ec1n \u0111i\u1ec7n t\u1eed, ch\u00fang t\u00f4i c\u00f9ng b\u1ea1n ki\u1ebfn t\u1ea1o t\u01b0\u01a1ng lai \u1ea5y.<\/p>\n","protected":false},"excerpt":{"rendered":"<p>V\u1ec1 Ch\u00fang T\u00f4i CryptoENewsHub.com \u2013 \u0110\u1ed1i t\u00e1c chi\u1ebfn l\u01b0\u1ee3c \u0111\u00e1ng tin c\u1eady trong th\u1ebf gi\u1edbi ti\u1ec1n \u0111i\u1ec7n t\u1eed kh\u00f4ng ng\u1eebng ph\u00e1t tri\u1ec3nCryptoENewsHub.com l\u00e0 ngu\u1ed3n tin c\u1eadp nh\u1eadt v\u00e0 ph\u00e2n t\u00edch th\u1ecb tr\u01b0\u1eddng ti\u1ec1n \u0111i\u1ec7n t\u1eed h\u00e0ng \u0111\u1ea7u, d\u00e0nh ri\u00eang cho c\u00e1c nh\u00e0 giao d\u1ecbch, nh\u00e0 \u0111\u1ea7u t\u01b0, c\u00e1c c\u00f4ng ty FinTech v\u00e0 chuy\u00ean gia t\u00e0i [&hellip;]<\/p>\n","protected":false},"author":1,"featured_media":0,"parent":0,"menu_order":0,"comment_status":"closed","ping_status":"closed","template":"","meta":{"footnotes":""},"class_list":["post-60","page","type-page","status-publish","hentry"],"translation":{"provider":"WPGlobus","version":"3.0.0","language":"vi","enabled_languages":["en","de","ja","vi","ms"],"languages":{"en":{"title":true,"content":true,"excerpt":false},"de":{"title":true,"content":true,"excerpt":false},"ja":{"title":false,"content":true,"excerpt":false},"vi":{"title":false,"content":true,"excerpt":false},"ms":{"title":false,"content":true,"excerpt":false}}},"rttpg_featured_image_url":null,"rttpg_author":{"display_name":"tranhuynhmy@proton.me","author_link":"https:\/\/cryptoenewshub.com\/vi\/author\/tranhuynhmyproton-me\/"},"rttpg_comment":0,"rttpg_category":null,"rttpg_excerpt":"V\u1ec1 Ch\u00fang T\u00f4i CryptoENewsHub.com \u2013 \u0110\u1ed1i t\u00e1c chi\u1ebfn l\u01b0\u1ee3c \u0111\u00e1ng tin c\u1eady trong th\u1ebf gi\u1edbi ti\u1ec1n \u0111i\u1ec7n t\u1eed kh\u00f4ng ng\u1eebng ph\u00e1t tri\u1ec3nCryptoENewsHub.com l\u00e0 ngu\u1ed3n tin c\u1eadp nh\u1eadt v\u00e0 ph\u00e2n t\u00edch th\u1ecb tr\u01b0\u1eddng ti\u1ec1n \u0111i\u1ec7n t\u1eed h\u00e0ng \u0111\u1ea7u, d\u00e0nh ri\u00eang cho c\u00e1c nh\u00e0 giao d\u1ecbch, nh\u00e0 \u0111\u1ea7u t\u01b0, c\u00e1c c\u00f4ng ty FinTech v\u00e0 chuy\u00ean gia t\u00e0i&hellip;","_links":{"self":[{"href":"https:\/\/cryptoenewshub.com\/vi\/wp-json\/wp\/v2\/pages\/60","targetHints":{"allow":["GET"]}}],"collection":[{"href":"https:\/\/cryptoenewshub.com\/vi\/wp-json\/wp\/v2\/pages"}],"about":[{"href":"https:\/\/cryptoenewshub.com\/vi\/wp-json\/wp\/v2\/types\/page"}],"author":[{"embeddable":true,"href":"https:\/\/cryptoenewshub.com\/vi\/wp-json\/wp\/v2\/users\/1"}],"replies":[{"embeddable":true,"href":"https:\/\/cryptoenewshub.com\/vi\/wp-json\/wp\/v2\/comments?post=60"}],"version-history":[{"count":75,"href":"https:\/\/cryptoenewshub.com\/vi\/wp-json\/wp\/v2\/pages\/60\/revisions"}],"predecessor-version":[{"id":1804,"href":"https:\/\/cryptoenewshub.com\/vi\/wp-json\/wp\/v2\/pages\/60\/revisions\/1804"}],"wp:attachment":[{"href":"https:\/\/cryptoenewshub.com\/vi\/wp-json\/wp\/v2\/media?parent=60"}],"curies":[{"name":"wp","href":"https:\/\/api.w.org\/{rel}","templated":true}]}}